
{"id":1019,"date":"2024-08-21T07:43:04","date_gmt":"2024-08-21T07:43:04","guid":{"rendered":"https:\/\/vietnamwildlifetours.tamnghiathemes.com\/?page_id=1019"},"modified":"2024-08-29T05:00:05","modified_gmt":"2024-08-29T05:00:05","slug":"diem-den","status":"publish","type":"page","link":"https:\/\/vietnamwildlifetours.com.vn\/vi\/diem-den\/","title":{"rendered":"\u0110i\u1ec3m \u0111\u1ebfn"},"content":{"rendered":"\t<section class=\"section\" id=\"section_1206863456\">\n\t\t<div class=\"bg section-bg fill bg-fill  bg-loaded\" >\n\n\t\t\t\n\t\t\t\n\t\t\t\n\n\t\t<\/div>\n\n\t\t\n\n\t\t<div class=\"section-content relative\">\n\t\t\t\n\t<div id=\"gap-583022068\" class=\"gap-element clearfix\" style=\"display:block; height:auto;\">\n\t\t\n<style>\n#gap-583022068 {\n  padding-top: 40px;\n}\n<\/style>\n\t<\/div>\n\t\n\n    <div class='stPostBlock'>\n        <div class=\"row\">\n                            <div class=\"col  medium-4 small-12 large-4\">\n                                                            <div class=\"pVideoItem\">\n                        <div class=\"pVideoItemThumb\">\n                            <a href=\"https:\/\/vietnamwildlifetours.com.vn\/vi\/albums-cate\/vuon-quoc-gia-cuc-phuong\/\" title=\"V\u01af\u1edcN QU\u1ed0C GIA C\u00daC PH\u01af\u01a0NG\">\n                                <img decoding=\"async\" src=\"https:\/\/vietnamwildlifetours.com.vn\/wp-content\/uploads\/2024\/08\/z5693848491923_a8ff4dbb69150ccdbb66e97c4b4a5ffb.jpg\" alt=\"\" \/>\n                            <\/a>\n                        <\/div>\n                        <div class=\"pVideoItemContent\">\n                            <div class=\"pVideoTitle\">\n                                <a href=\"https:\/\/vietnamwildlifetours.com.vn\/vi\/albums-cate\/vuon-quoc-gia-cuc-phuong\/\" title=\"V\u01af\u1edcN QU\u1ed0C GIA C\u00daC PH\u01af\u01a0NG\">\n                                    V\u01af\u1edcN QU\u1ed0C GIA C\u00daC PH\u01af\u01a0NG                                <\/a>\n                            <\/div>\n                        <\/div>\n                    <\/div>\n                <\/div>\n                            <div class=\"col  medium-4 small-12 large-4\">\n                                                            <div class=\"pVideoItem\">\n                        <div class=\"pVideoItemThumb\">\n                            <a href=\"https:\/\/vietnamwildlifetours.com.vn\/vi\/albums-cate\/vuon-quoc-gia-tam-dao\/\" title=\"V\u01af\u1edcN QU\u1ed0C GIA TAM \u0110\u1ea2O\">\n                                <img decoding=\"async\" src=\"https:\/\/vietnamwildlifetours.com.vn\/wp-content\/uploads\/2024\/08\/z5693848013806_97071357ea3e969dc4b886659e60d81e-1.jpg\" alt=\"\" \/>\n                            <\/a>\n                        <\/div>\n                        <div class=\"pVideoItemContent\">\n                            <div class=\"pVideoTitle\">\n                                <a href=\"https:\/\/vietnamwildlifetours.com.vn\/vi\/albums-cate\/vuon-quoc-gia-tam-dao\/\" title=\"V\u01af\u1edcN QU\u1ed0C GIA TAM \u0110\u1ea2O\">\n                                    V\u01af\u1edcN QU\u1ed0C GIA TAM \u0110\u1ea2O                                <\/a>\n                            <\/div>\n                        <\/div>\n                    <\/div>\n                <\/div>\n                            <div class=\"col  medium-4 small-12 large-4\">\n                                                            <div class=\"pVideoItem\">\n                        <div class=\"pVideoItemThumb\">\n                            <a href=\"https:\/\/vietnamwildlifetours.com.vn\/vi\/albums-cate\/vuon-quoc-gia-ba-vi\/\" title=\"V\u01af\u1edcN QU\u1ed0C GIA BA V\u00cc\">\n                                <img decoding=\"async\" src=\"https:\/\/vietnamwildlifetours.com.vn\/wp-content\/uploads\/2024\/08\/g1.jpg\" alt=\"\" \/>\n                            <\/a>\n                        <\/div>\n                        <div class=\"pVideoItemContent\">\n                            <div class=\"pVideoTitle\">\n                                <a href=\"https:\/\/vietnamwildlifetours.com.vn\/vi\/albums-cate\/vuon-quoc-gia-ba-vi\/\" title=\"V\u01af\u1edcN QU\u1ed0C GIA BA V\u00cc\">\n                                    V\u01af\u1edcN QU\u1ed0C GIA BA V\u00cc                                <\/a>\n                            <\/div>\n                        <\/div>\n                    <\/div>\n                <\/div>\n                            <div class=\"col  medium-4 small-12 large-4\">\n                                                            <div class=\"pVideoItem\">\n                        <div class=\"pVideoItemThumb\">\n                            <a href=\"https:\/\/vietnamwildlifetours.com.vn\/vi\/albums-cate\/vuon-quoc-gia-hoang-lien\/\" title=\"V\u01af\u1edcN QU\u1ed0C GIA HO\u00c0NG LI\u00caN\">\n                                <img decoding=\"async\" src=\"https:\/\/vietnamwildlifetours.com.vn\/wp-content\/uploads\/2024\/08\/r4.jpg\" alt=\"\" \/>\n                            <\/a>\n                        <\/div>\n                        <div class=\"pVideoItemContent\">\n                            <div class=\"pVideoTitle\">\n                                <a href=\"https:\/\/vietnamwildlifetours.com.vn\/vi\/albums-cate\/vuon-quoc-gia-hoang-lien\/\" title=\"V\u01af\u1edcN QU\u1ed0C GIA HO\u00c0NG LI\u00caN\">\n                                    V\u01af\u1edcN QU\u1ed0C GIA HO\u00c0NG LI\u00caN                                <\/a>\n                            <\/div>\n                        <\/div>\n                    <\/div>\n                <\/div>\n                            <div class=\"col  medium-4 small-12 large-4\">\n                                                            <div class=\"pVideoItem\">\n                        <div class=\"pVideoItemThumb\">\n                            <a href=\"https:\/\/vietnamwildlifetours.com.vn\/vi\/albums-cate\/vuon-quoc-gia-cat-ba\/\" title=\"V\u01af\u1edcN QU\u1ed0C GIA C\u00c1T B\u00c0\">\n                                <img decoding=\"async\" src=\"https:\/\/vietnamwildlifetours.com.vn\/wp-content\/uploads\/2024\/08\/z5693848474196_58ea37590ebf6e00c89a25380521e791.jpg\" alt=\"\" \/>\n                            <\/a>\n                        <\/div>\n                        <div class=\"pVideoItemContent\">\n                            <div class=\"pVideoTitle\">\n                                <a href=\"https:\/\/vietnamwildlifetours.com.vn\/vi\/albums-cate\/vuon-quoc-gia-cat-ba\/\" title=\"V\u01af\u1edcN QU\u1ed0C GIA C\u00c1T B\u00c0\">\n                                    V\u01af\u1edcN QU\u1ed0C GIA C\u00c1T B\u00c0                                <\/a>\n                            <\/div>\n                        <\/div>\n                    <\/div>\n                <\/div>\n                            <div class=\"col  medium-4 small-12 large-4\">\n                                                            <div class=\"pVideoItem\">\n                        <div class=\"pVideoItemThumb\">\n                            <a href=\"https:\/\/vietnamwildlifetours.com.vn\/vi\/albums-cate\/vuon-quoc-gia-xuan-thuy\/\" title=\"V\u01af\u1edcN QU\u1ed0C GIA XU\u00c2N TH\u1ee6Y\">\n                                <img decoding=\"async\" src=\"https:\/\/vietnamwildlifetours.com.vn\/wp-content\/uploads\/2024\/08\/anh-4.jpg\" alt=\"\" \/>\n                            <\/a>\n                        <\/div>\n                        <div class=\"pVideoItemContent\">\n                            <div class=\"pVideoTitle\">\n                                <a href=\"https:\/\/vietnamwildlifetours.com.vn\/vi\/albums-cate\/vuon-quoc-gia-xuan-thuy\/\" title=\"V\u01af\u1edcN QU\u1ed0C GIA XU\u00c2N TH\u1ee6Y\">\n                                    V\u01af\u1edcN QU\u1ed0C GIA XU\u00c2N TH\u1ee6Y                                <\/a>\n                            <\/div>\n                        <\/div>\n                    <\/div>\n                <\/div>\n                            <div class=\"col  medium-4 small-12 large-4\">\n                                                            <div class=\"pVideoItem\">\n                        <div class=\"pVideoItemThumb\">\n                            <a href=\"https:\/\/vietnamwildlifetours.com.vn\/vi\/albums-cate\/vuon-quoc-gia-bach-ma\/\" title=\"V\u01af\u1edcN QU\u1ed0C GIA B\u1ea0CH M\u00c3\">\n                                <img decoding=\"async\" src=\"https:\/\/vietnamwildlifetours.com.vn\/wp-content\/uploads\/2024\/08\/z5693848524845_7f1fad42da4eaf75aabe39aeac998763-1.jpg\" alt=\"\" \/>\n                            <\/a>\n                        <\/div>\n                        <div class=\"pVideoItemContent\">\n                            <div class=\"pVideoTitle\">\n                                <a href=\"https:\/\/vietnamwildlifetours.com.vn\/vi\/albums-cate\/vuon-quoc-gia-bach-ma\/\" title=\"V\u01af\u1edcN QU\u1ed0C GIA B\u1ea0CH M\u00c3\">\n                                    V\u01af\u1edcN QU\u1ed0C GIA B\u1ea0CH M\u00c3                                <\/a>\n                            <\/div>\n                        <\/div>\n                    <\/div>\n                <\/div>\n                            <div class=\"col  medium-4 small-12 large-4\">\n                                                            <div class=\"pVideoItem\">\n                        <div class=\"pVideoItemThumb\">\n                            <a href=\"https:\/\/vietnamwildlifetours.com.vn\/vi\/albums-cate\/vuon-quoc-gia-cat-tien\/\" title=\"V\u01af\u1edcN QU\u1ed0C GIA C\u00c1T TI\u00caN\">\n                                <img decoding=\"async\" src=\"https:\/\/vietnamwildlifetours.com.vn\/wp-content\/uploads\/2024\/08\/r2.jpg\" alt=\"\" \/>\n                            <\/a>\n                        <\/div>\n                        <div class=\"pVideoItemContent\">\n                            <div class=\"pVideoTitle\">\n                                <a href=\"https:\/\/vietnamwildlifetours.com.vn\/vi\/albums-cate\/vuon-quoc-gia-cat-tien\/\" title=\"V\u01af\u1edcN QU\u1ed0C GIA C\u00c1T TI\u00caN\">\n                                    V\u01af\u1edcN QU\u1ed0C GIA C\u00c1T TI\u00caN                                <\/a>\n                            <\/div>\n                        <\/div>\n                    <\/div>\n                <\/div>\n                            <div class=\"col  medium-4 small-12 large-4\">\n                                                            <div class=\"pVideoItem\">\n                        <div class=\"pVideoItemThumb\">\n                            <a href=\"https:\/\/vietnamwildlifetours.com.vn\/vi\/albums-cate\/vuon-quoc-gia-phong-nha-ke-bang\/\" title=\"V\u01af\u1edcN QU\u1ed0C GIA PHONG NHA K\u1eba B\u00c0NG\">\n                                <img decoding=\"async\" src=\"https:\/\/vietnamwildlifetours.com.vn\/wp-content\/uploads\/2024\/08\/z5693848065674_f87390158dfef1dca9df3ce8285f2d5f.jpg\" alt=\"\" \/>\n                            <\/a>\n                        <\/div>\n                        <div class=\"pVideoItemContent\">\n                            <div class=\"pVideoTitle\">\n                                <a href=\"https:\/\/vietnamwildlifetours.com.vn\/vi\/albums-cate\/vuon-quoc-gia-phong-nha-ke-bang\/\" title=\"V\u01af\u1edcN QU\u1ed0C GIA PHONG NHA K\u1eba B\u00c0NG\">\n                                    V\u01af\u1edcN QU\u1ed0C GIA PHONG NHA K\u1eba B\u00c0NG                                <\/a>\n                            <\/div>\n                        <\/div>\n                    <\/div>\n                <\/div>\n                            <div class=\"col  medium-4 small-12 large-4\">\n                                                            <div class=\"pVideoItem\">\n                        <div class=\"pVideoItemThumb\">\n                            <a href=\"https:\/\/vietnamwildlifetours.com.vn\/vi\/albums-cate\/khu-bao-ton-thien-nhien-son-tra\/\" title=\"KHU B\u1ea2O T\u1ed2N THI\u00caN NHI\u00caN S\u01a0N TR\u00c0\">\n                                <img decoding=\"async\" src=\"https:\/\/vietnamwildlifetours.com.vn\/wp-content\/uploads\/2024\/08\/z5693848236196_e593053f8309282c273bd5d27a63a54c.jpg\" alt=\"\" \/>\n                            <\/a>\n                        <\/div>\n                        <div class=\"pVideoItemContent\">\n                            <div class=\"pVideoTitle\">\n                                <a href=\"https:\/\/vietnamwildlifetours.com.vn\/vi\/albums-cate\/khu-bao-ton-thien-nhien-son-tra\/\" title=\"KHU B\u1ea2O T\u1ed2N THI\u00caN NHI\u00caN S\u01a0N TR\u00c0\">\n                                    KHU B\u1ea2O T\u1ed2N THI\u00caN NHI\u00caN S\u01a0N TR\u00c0                                <\/a>\n                            <\/div>\n                        <\/div>\n                    <\/div>\n                <\/div>\n                            <div class=\"col  medium-4 small-12 large-4\">\n                                                            <div class=\"pVideoItem\">\n                        <div class=\"pVideoItemThumb\">\n                            <a href=\"https:\/\/vietnamwildlifetours.com.vn\/vi\/albums-cate\/khu-bao-ton-thien-nhien-van-long\/\" title=\"KHU B\u1ea2O T\u1ed2N THI\u00caN NHI\u00caN V\u00c2N LONG\">\n                                <img decoding=\"async\" src=\"https:\/\/vietnamwildlifetours.com.vn\/wp-content\/uploads\/2024\/08\/slide-3.jpg\" alt=\"\" \/>\n                            <\/a>\n                        <\/div>\n                        <div class=\"pVideoItemContent\">\n                            <div class=\"pVideoTitle\">\n                                <a href=\"https:\/\/vietnamwildlifetours.com.vn\/vi\/albums-cate\/khu-bao-ton-thien-nhien-van-long\/\" title=\"KHU B\u1ea2O T\u1ed2N THI\u00caN NHI\u00caN V\u00c2N LONG\">\n                                    KHU B\u1ea2O T\u1ed2N THI\u00caN NHI\u00caN V\u00c2N LONG                                <\/a>\n                            <\/div>\n                        <\/div>\n                    <\/div>\n                <\/div>\n                            <div class=\"col  medium-4 small-12 large-4\">\n                                                            <div class=\"pVideoItem\">\n                        <div class=\"pVideoItemThumb\">\n                            <a href=\"https:\/\/vietnamwildlifetours.com.vn\/vi\/albums-cate\/khu-bao-ton-thien-nhien-ngoc-linh\/\" title=\"KHU B\u1ea2O T\u1ed2N THI\u00caN NHI\u00caN NG\u1eccC LINH\">\n                                <img decoding=\"async\" src=\"https:\/\/vietnamwildlifetours.com.vn\/wp-content\/uploads\/2024\/08\/z5693848578149_124b9012eeb5c8d0752f5d82b45b7e65.jpg\" alt=\"\" \/>\n                            <\/a>\n                        <\/div>\n                        <div class=\"pVideoItemContent\">\n                            <div class=\"pVideoTitle\">\n                                <a href=\"https:\/\/vietnamwildlifetours.com.vn\/vi\/albums-cate\/khu-bao-ton-thien-nhien-ngoc-linh\/\" title=\"KHU B\u1ea2O T\u1ed2N THI\u00caN NHI\u00caN NG\u1eccC LINH\">\n                                    KHU B\u1ea2O T\u1ed2N THI\u00caN NHI\u00caN NG\u1eccC LINH                                <\/a>\n                            <\/div>\n                        <\/div>\n                    <\/div>\n                <\/div>\n                            <div class=\"col  medium-4 small-12 large-4\">\n                                                            <div class=\"pVideoItem\">\n                        <div class=\"pVideoItemThumb\">\n                            <a href=\"https:\/\/vietnamwildlifetours.com.vn\/vi\/albums-cate\/rung-mang-den\/\" title=\"R\u1eeaNG M\u0102NG \u0110EN\">\n                                <img decoding=\"async\" src=\"https:\/\/vietnamwildlifetours.com.vn\/wp-content\/uploads\/2024\/08\/z5693848455808_3a2d05863d67d0c652af5f3bc003b6e3.jpg\" alt=\"\" \/>\n                            <\/a>\n                        <\/div>\n                        <div class=\"pVideoItemContent\">\n                            <div class=\"pVideoTitle\">\n                                <a href=\"https:\/\/vietnamwildlifetours.com.vn\/vi\/albums-cate\/rung-mang-den\/\" title=\"R\u1eeaNG M\u0102NG \u0110EN\">\n                                    R\u1eeaNG M\u0102NG \u0110EN                                <\/a>\n                            <\/div>\n                        <\/div>\n                    <\/div>\n                <\/div>\n                            <div class=\"col  medium-4 small-12 large-4\">\n                                                            <div class=\"pVideoItem\">\n                        <div class=\"pVideoItemThumb\">\n                            <a href=\"https:\/\/vietnamwildlifetours.com.vn\/vi\/albums-cate\/vuon-quoc-gia-bidoup-nui-ba\/\" title=\"V\u01af\u1edcN QU\u1ed0C GIA BIDOUP - N\u00daI B\u00c0\">\n                                <img decoding=\"async\" src=\"https:\/\/vietnamwildlifetours.com.vn\/wp-content\/uploads\/2024\/08\/z5693848338390_e38700fa12cd430a68184caed08a96b0.jpg\" alt=\"\" \/>\n                            <\/a>\n                        <\/div>\n                        <div class=\"pVideoItemContent\">\n                            <div class=\"pVideoTitle\">\n                                <a href=\"https:\/\/vietnamwildlifetours.com.vn\/vi\/albums-cate\/vuon-quoc-gia-bidoup-nui-ba\/\" title=\"V\u01af\u1edcN QU\u1ed0C GIA BIDOUP - N\u00daI B\u00c0\">\n                                    V\u01af\u1edcN QU\u1ed0C GIA BIDOUP - N\u00daI B\u00c0                                <\/a>\n                            <\/div>\n                        <\/div>\n                    <\/div>\n                <\/div>\n                    <\/div>\n    <\/div>\n\n\n\t<div id=\"gap-1407634968\" class=\"gap-element clearfix\" style=\"display:block; height:auto;\">\n\t\t\n<style>\n#gap-1407634968 {\n  padding-top: 40px;\n}\n<\/style>\n\t<\/div>\n\t\n\t\t<\/div>\n\n\t\t\n<style>\n#section_1206863456 {\n  padding-top: 0px;\n  padding-bottom: 0px;\n  background-color: rgba(225, 225, 225, 0.349);\n}\n#section_1206863456 .ux-shape-divider--top svg {\n  height: 150px;\n  --divider-top-width: 100%;\n}\n#section_1206863456 .ux-shape-divider--bottom svg {\n  height: 150px;\n  --divider-width: 100%;\n}\n<\/style>\n\t<\/section>\n\t\n","protected":false},"excerpt":{"rendered":"","protected":false},"author":1,"featured_media":0,"parent":0,"menu_order":0,"comment_status":"closed","ping_status":"closed","template":"page-blank.php","meta":{"footnotes":""},"class_list":["post-1019","page","type-page","status-publish","hentry"],"acf":[],"yoast_head":"<!-- This site is optimized with the Yoast SEO plugin v21.7 - https:\/\/yoast.com\/wordpress\/plugins\/seo\/ -->\n<title>\u0110i\u1ec3m \u0111\u1ebfn - VIETNAM WILDLIFE TOURS<\/title>\n<meta name=\"robots\" content=\"index, follow, max-snippet:-1, max-image-preview:large, max-video-preview:-1\" \/>\n<link rel=\"canonical\" href=\"https:\/\/vietnamwildlifetours.com.vn\/vi\/diem-den\/\" \/>\n<meta property=\"og:locale\" content=\"vi_VN\" \/>\n<meta property=\"og:type\" content=\"article\" \/>\n<meta property=\"og:title\" content=\"\u0110i\u1ec3m \u0111\u1ebfn - VIETNAM WILDLIFE TOURS\" \/>\n<meta property=\"og:url\" content=\"https:\/\/vietnamwildlifetours.com.vn\/vi\/diem-den\/\" \/>\n<meta property=\"og:site_name\" content=\"VIETNAM WILDLIFE TOURS\" \/>\n<meta property=\"article:modified_time\" content=\"2024-08-29T05:00:05+00:00\" \/>\n<meta name=\"twitter:card\" content=\"summary_large_image\" \/>\n<meta name=\"twitter:label1\" content=\"Est. reading time\" \/>\n\t<meta name=\"twitter:data1\" content=\"1 minute\" \/>\n<script type=\"application\/ld+json\" class=\"yoast-schema-graph\">{\"@context\":\"https:\/\/schema.org\",\"@graph\":[{\"@type\":\"WebPage\",\"@id\":\"https:\/\/vietnamwildlifetours.com.vn\/vi\/diem-den\/\",\"url\":\"https:\/\/vietnamwildlifetours.com.vn\/vi\/diem-den\/\",\"name\":\"\u0110i\u1ec3m \u0111\u1ebfn - VIETNAM WILDLIFE TOURS\",\"isPartOf\":{\"@id\":\"https:\/\/vietnamwildlifetours.com.vn\/#website\"},\"datePublished\":\"2024-08-21T07:43:04+00:00\",\"dateModified\":\"2024-08-29T05:00:05+00:00\",\"breadcrumb\":{\"@id\":\"https:\/\/vietnamwildlifetours.com.vn\/vi\/diem-den\/#breadcrumb\"},\"inLanguage\":\"vi-VN\",\"potentialAction\":[{\"@type\":\"ReadAction\",\"target\":[\"https:\/\/vietnamwildlifetours.com.vn\/vi\/diem-den\/\"]}]},{\"@type\":\"BreadcrumbList\",\"@id\":\"https:\/\/vietnamwildlifetours.com.vn\/vi\/diem-den\/#breadcrumb\",\"itemListElement\":[{\"@type\":\"ListItem\",\"position\":1,\"name\":\"Trang ch\u1ee7\",\"item\":\"https:\/\/vietnamwildlifetours.com.vn\/vi\/\"},{\"@type\":\"ListItem\",\"position\":2,\"name\":\"\u0110i\u1ec3m \u0111\u1ebfn\"}]},{\"@type\":\"WebSite\",\"@id\":\"https:\/\/vietnamwildlifetours.com.vn\/#website\",\"url\":\"https:\/\/vietnamwildlifetours.com.vn\/\",\"name\":\"VIETNAM WILDLIFE TOURS\",\"description\":\"\",\"potentialAction\":[{\"@type\":\"SearchAction\",\"target\":{\"@type\":\"EntryPoint\",\"urlTemplate\":\"https:\/\/vietnamwildlifetours.com.vn\/?s={search_term_string}\"},\"query-input\":\"required name=search_term_string\"}],\"inLanguage\":\"vi-VN\"}]}<\/script>\n<!-- \/ Yoast SEO plugin. -->","yoast_head_json":{"title":"\u0110i\u1ec3m \u0111\u1ebfn - VIETNAM WILDLIFE TOURS","robots":{"index":"index","follow":"follow","max-snippet":"max-snippet:-1","max-image-preview":"max-image-preview:large","max-video-preview":"max-video-preview:-1"},"canonical":"https:\/\/vietnamwildlifetours.com.vn\/vi\/diem-den\/","og_locale":"vi_VN","og_type":"article","og_title":"\u0110i\u1ec3m \u0111\u1ebfn - VIETNAM WILDLIFE TOURS","og_url":"https:\/\/vietnamwildlifetours.com.vn\/vi\/diem-den\/","og_site_name":"VIETNAM WILDLIFE TOURS","article_modified_time":"2024-08-29T05:00:05+00:00","twitter_card":"summary_large_image","twitter_misc":{"Est. reading time":"1 minute"},"schema":{"@context":"https:\/\/schema.org","@graph":[{"@type":"WebPage","@id":"https:\/\/vietnamwildlifetours.com.vn\/vi\/diem-den\/","url":"https:\/\/vietnamwildlifetours.com.vn\/vi\/diem-den\/","name":"\u0110i\u1ec3m \u0111\u1ebfn - VIETNAM WILDLIFE TOURS","isPartOf":{"@id":"https:\/\/vietnamwildlifetours.com.vn\/#website"},"datePublished":"2024-08-21T07:43:04+00:00","dateModified":"2024-08-29T05:00:05+00:00","breadcrumb":{"@id":"https:\/\/vietnamwildlifetours.com.vn\/vi\/diem-den\/#breadcrumb"},"inLanguage":"vi-VN","potentialAction":[{"@type":"ReadAction","target":["https:\/\/vietnamwildlifetours.com.vn\/vi\/diem-den\/"]}]},{"@type":"BreadcrumbList","@id":"https:\/\/vietnamwildlifetours.com.vn\/vi\/diem-den\/#breadcrumb","itemListElement":[{"@type":"ListItem","position":1,"name":"Trang ch\u1ee7","item":"https:\/\/vietnamwildlifetours.com.vn\/vi\/"},{"@type":"ListItem","position":2,"name":"\u0110i\u1ec3m \u0111\u1ebfn"}]},{"@type":"WebSite","@id":"https:\/\/vietnamwildlifetours.com.vn\/#website","url":"https:\/\/vietnamwildlifetours.com.vn\/","name":"VIETNAM WILDLIFE TOURS","description":"","potentialAction":[{"@type":"SearchAction","target":{"@type":"EntryPoint","urlTemplate":"https:\/\/vietnamwildlifetours.com.vn\/?s={search_term_string}"},"query-input":"required name=search_term_string"}],"inLanguage":"vi-VN"}]}},"_links":{"self":[{"href":"https:\/\/vietnamwildlifetours.com.vn\/vi\/wp-json\/wp\/v2\/pages\/1019","targetHints":{"allow":["GET"]}}],"collection":[{"href":"https:\/\/vietnamwildlifetours.com.vn\/vi\/wp-json\/wp\/v2\/pages"}],"about":[{"href":"https:\/\/vietnamwildlifetours.com.vn\/vi\/wp-json\/wp\/v2\/types\/page"}],"author":[{"embeddable":true,"href":"https:\/\/vietnamwildlifetours.com.vn\/vi\/wp-json\/wp\/v2\/users\/1"}],"replies":[{"embeddable":true,"href":"https:\/\/vietnamwildlifetours.com.vn\/vi\/wp-json\/wp\/v2\/comments?post=1019"}],"version-history":[{"count":1,"href":"https:\/\/vietnamwildlifetours.com.vn\/vi\/wp-json\/wp\/v2\/pages\/1019\/revisions"}],"predecessor-version":[{"id":1020,"href":"https:\/\/vietnamwildlifetours.com.vn\/vi\/wp-json\/wp\/v2\/pages\/1019\/revisions\/1020"}],"wp:attachment":[{"href":"https:\/\/vietnamwildlifetours.com.vn\/vi\/wp-json\/wp\/v2\/media?parent=1019"}],"curies":[{"name":"wp","href":"https:\/\/api.w.org\/{rel}","templated":true}]}}