
{"id":1021,"date":"2024-08-21T07:40:14","date_gmt":"2024-08-21T07:40:14","guid":{"rendered":"https:\/\/vietnamwildlifetours.tamnghiathemes.com\/?page_id=1021"},"modified":"2024-08-29T07:45:57","modified_gmt":"2024-08-29T07:45:57","slug":"hoi-dap","status":"publish","type":"page","link":"https:\/\/vietnamwildlifetours.com.vn\/vi\/hoi-dap\/","title":{"rendered":"H\u1ecfi \u0111\u00e1p"},"content":{"rendered":"<div style=\"text-align: justify;\">\n\n  <div class=\"banner has-hover\" id=\"banner-1207374532\">\n          <div class=\"banner-inner fill\">\n        <div class=\"banner-bg fill\" >\n            <div class=\"bg fill bg-fill \"><\/div>\n                        <div class=\"overlay\"><\/div>            \n                    <\/div>\n\t\t\n        <div class=\"banner-layers container\">\n            <div class=\"fill banner-link\"><\/div>            \n   <div id=\"text-box-1034294526\" class=\"text-box banner-layer x50 md-x50 lg-x50 y50 md-y50 lg-y50 res-text\">\n                                <div class=\"text-box-content text dark\">\n              \n              <div class=\"text-inner text-center\">\n                  \n<h1 class=\"uppercase\"><span style=\"font-size: 36px;\"><strong>C\u00e2u h\u1ecfi th\u01b0\u1eddng g\u1eb7p<\/strong><\/span><\/h1>\n              <\/div>\n           <\/div>\n                            \n<style>\n#text-box-1034294526 {\n  width: 60%;\n}\n#text-box-1034294526 .text-box-content {\n  font-size: 100%;\n}\n<\/style>\n    <\/div>\n \n        <\/div>\n      <\/div>\n\n            \n<style>\n#banner-1207374532 {\n  padding-top: 200px;\n}\n#banner-1207374532 .bg.bg-loaded {\n  background-image: url(https:\/\/vietnamwildlifetours.com.vn\/wp-content\/uploads\/2024\/08\/bgk.jpg);\n}\n#banner-1207374532 .overlay {\n  background-color: rgba(0,0,0,.5);\n}\n#banner-1207374532 .ux-shape-divider--top svg {\n  height: 150px;\n  --divider-top-width: 100%;\n}\n#banner-1207374532 .ux-shape-divider--bottom svg {\n  height: 150px;\n  --divider-width: 100%;\n}\n@media (min-width:550px) {\n  #banner-1207374532 {\n    padding-top: 250px;\n  }\n}\n<\/style>\n  <\/div>\n\n\n\t<section class=\"section\" id=\"section_1958903769\">\n\t\t<div class=\"bg section-bg fill bg-fill  bg-loaded\" >\n\n\t\t\t\n\t\t\t\n\t\t\t\n\n\t\t<\/div>\n\n\t\t\n\n\t\t<div class=\"section-content relative\">\n\t\t\t\n\t<div id=\"gap-1203846881\" class=\"gap-element clearfix\" style=\"display:block; height:auto;\">\n\t\t\n<style>\n#gap-1203846881 {\n  padding-top: 30px;\n}\n<\/style>\n\t<\/div>\n\t\n<div class=\"row\"  id=\"row-1218927267\">\n\n\t<div id=\"col-1368505347\" class=\"col small-12 large-12\"  >\n\t\t\t\t<div class=\"col-inner\"  >\n\t\t\t\n\t\t\t\n<div class=\"accordion\" rel=\"\">\n<div class=\"accordion-item\"><a href=\"#\" class=\"accordion-title plain\"><button class=\"toggle\" aria-label=\"Toggle\"><i class=\"icon-angle-down\"><\/i><\/button><span>T\u00f4i n\u00ean mang theo nh\u1eefng g\u00ec?<\/span><\/a><div class=\"accordion-inner\">\n<p style=\"text-align: justify;\">\u0110i\u1ec1u n\u00e0y s\u1ebd ph\u1ee5 thu\u1ed9c v\u00e0o s\u1edf th\u00edch c\u00e1 nh\u00e2n c\u1ee7a b\u1ea1n, n\u01a1i b\u1ea1n s\u1ebd \u0111i du l\u1ecbch v\u00e0 th\u1eddi \u0111i\u1ec3m trong n\u0103m. B\u1ea1n n\u00ean mang theo \u00edt nh\u1ea5t m\u1ed9t b\u1ed9 trang ph\u1ee5c &#8216;th\u00f4ng minh&#8217; cho nh\u1eefng bu\u1ed5i t\u1ed1i \u0111\u1eb7c bi\u1ec7t. Xin l\u01b0u \u00fd r\u1eb1ng m\u1ed9t s\u1ed1 nh\u00e0 th\u1edd\/n\u01a1i th\u1edd c\u00fang y\u00eau c\u1ea7u ph\u1ea3i che vai v\u00e0 trong m\u1ed9t s\u1ed1 tr\u01b0\u1eddng h\u1ee3p, qu\u1ea7n short\/v\u00e1y d\u00e0i \u0111\u1ebfn \u0111\u1ea7u g\u1ed1i. Lu\u00f4n \u0111\u00f3ng g\u00f3i \u0111\u1ee7 qu\u1ea7n \u00e1o v\u00e0 m\u1eb7c nh\u1eefng b\u1ed9 \u0111\u1ed3 m\u00e0 b\u1ea1n c\u1ea3m th\u1ea5y tho\u1ea3i m\u00e1i. N\u00ean m\u1eb7c nh\u1eefng b\u1ed9 \u0111\u1ed3 gi\u1ea3n d\u1ecb v\u00e0 nh\u1eb9, \u00edt ho\u1eb7c kh\u00f4ng c\u1ea7n \u1ee7i.<\/p>\n<\/div><\/div>\n<div class=\"accordion-item\"><a href=\"#\" class=\"accordion-title plain\"><button class=\"toggle\" aria-label=\"Toggle\"><i class=\"icon-angle-down\"><\/i><\/button><span>Tour bao g\u1ed3m nh\u1eefng g\u00ec?<\/span><\/a><div class=\"accordion-inner\">\n<p style=\"text-align: justify;\">Bao g\u1ed3m ch\u1ed7 \u1edf, ph\u01b0\u01a1ng ti\u1ec7n \u0111i l\u1ea1i, t\u00e0i x\u1ebf gi\u00e0u kinh nghi\u1ec7m v\u00e0 t\u1ea5t c\u1ea3 ph\u00ed v\u00e0o c\u1eeda c\u00f4ng vi\u00ean. M\u1ed7i tour c\u0169ng bao g\u1ed3m m\u1ed9t s\u1ed1 ho\u1ea1t \u0111\u1ed9ng trong khi tham quan. \u0110\u1ecdc m\u00f4 t\u1ea3 t\u1eebng tour \u0111\u1ec3 bi\u1ebft th\u00eam th\u00f4ng tin. Ch\u00fang t\u00f4i thi\u1ebft k\u1ebf tour theo y\u00eau c\u1ea7u c\u1ee7a b\u1ea1n, c\u1ee5 th\u1ec3 theo ng\u00e0y \u0111i v\u00e0 s\u1edf th\u00edch c\u1ee7a b\u1ea1n.<\/p>\n<\/div><\/div>\n<div class=\"accordion-item\"><a href=\"#\" class=\"accordion-title plain\"><button class=\"toggle\" aria-label=\"Toggle\"><i class=\"icon-angle-down\"><\/i><\/button><span>Tour kh\u00f4ng bao g\u1ed3m nh\u1eefng g\u00ec?<\/span><\/a><div class=\"accordion-inner\">\n<p style=\"text-align: justify;\"><span>C\u00e1c b\u1eefa \u0103n, ch\u1ed7 \u1edf tr\u01b0\u1edbc ho\u1eb7c sau chuy\u1ebfn tham quan,\u00a0<\/span><span>c\u00e1c ho\u1ea1t \u0111\u1ed9ng t\u00f9y ch\u1ecdn<\/span><span>\u00a0v\u00e0 ti\u1ec1n boa cho h\u01b0\u1edbng d\u1eabn vi\u00ean kh\u00f4ng bao g\u1ed3m trong gi\u00e1 tour.<\/span><\/p>\n<\/div><\/div>\n<div class=\"accordion-item\"><a href=\"#\" class=\"accordion-title plain\"><button class=\"toggle\" aria-label=\"Toggle\"><i class=\"icon-angle-down\"><\/i><\/button><span>T\u00f4i s\u1eafp \u0111i du l\u1ecbch \u0111\u1ebfn Vi\u1ec7t Nam, l\u00e0m sao t\u00f4i c\u00f3 th\u1ec3 ti\u1ebft ki\u1ec7m ti\u1ec1n v\u00e0 c\u00f3 m\u1ed9t chuy\u1ebfn \u0111i tuy\u1ec7t v\u1eddi?<\/span><\/a><div class=\"accordion-inner\">\n<p style=\"text-align: justify;\">Ch\u00fang t\u00f4i gi\u00fap vi\u1ec7c \u0111i du l\u1ecbch \u0111\u1ebfn Vi\u1ec7t Nam tr\u1edf n\u00ean \u0111\u01a1n gi\u1ea3n. Ch\u1ec9 c\u1ea7n cho ch\u00fang t\u00f4i bi\u1ebft y\u00eau c\u1ea7u, s\u1edf th\u00edch v\u00e0 ng\u00e2n s\u00e1ch c\u1ee7a b\u1ea1n, sau \u0111\u00f3 ch\u00fang t\u00f4i s\u1ebd s\u1eafp x\u1ebfp m\u1ed9t chuy\u1ebfn phi\u00eau l\u01b0u tuy\u1ec7t v\u1eddi cho b\u1ea1n ho\u1eb7c m\u1ed9t nh\u00f3m. Sau khi b\u1ea1n cho ch\u00fang t\u00f4i bi\u1ebft v\u1ec1 k\u1ef3 ngh\u1ec9 m\u01a1 \u01b0\u1edbc c\u1ee7a m\u00ecnh, ch\u00fang t\u00f4i s\u1ebd l\u00e0m vi\u1ec7c v\u1edbi b\u1ea1n \u0111\u1ec3 t\u1ea1o h\u00e0nh tr\u00ecnh du l\u1ecbch c\u1ee7a b\u1ea1n. Tr\u1ea3i nghi\u1ec7m Vi\u1ec7t Nam theo c\u00e1ch b\u1ea1n ch\u01b0a t\u1eebng ngh\u0129 m\u00ecnh c\u00f3 th\u1ec3 l\u00e0m \u0111\u01b0\u1ee3c. H\u00e0nh tr\u00ecnh du l\u1ecbch c\u1ee7a ch\u00fang t\u00f4i ph\u00e1c th\u1ea3o n\u01a1i b\u1ea1n s\u1ebd \u1edf, khi n\u00e0o b\u1ea1n c\u00f3 th\u1eddi gian r\u1ea3nh v\u00e0 khi n\u00e0o b\u1ea1n c\u00f3 th\u1ec3 c\u1ea7n \u0111\u1ebfn \u0111\u00fang gi\u1edd.<\/p>\n<\/div><\/div>\n<div class=\"accordion-item\"><a href=\"#\" class=\"accordion-title plain\"><button class=\"toggle\" aria-label=\"Toggle\"><i class=\"icon-angle-down\"><\/i><\/button><span>Khi n\u00e0o l\u00e0 th\u1eddi \u0111i\u1ec3m t\u1ed1t nh\u1ea5t \u0111\u1ec3 du l\u1ecbch Vi\u1ec7t Nam?<\/span><\/a><div class=\"accordion-inner\">\n<div>Th\u1ef1c s\u1ef1 kh\u00f4ng c\u00f3 th\u1eddi \u0111i\u1ec3m n\u00e0o l\u00e0 t\u1ec7 \u0111\u1ec3 \u0111\u1ebfn th\u0103m Vi\u1ec7t Nam. Khi khu v\u1ef1c n\u00e0y \u1ea9m \u01b0\u1edbt, l\u1ea1nh l\u1ebdo ho\u1eb7c n\u00f3ng b\u1ee9c, lu\u00f4n c\u00f3 m\u1ed9t n\u01a1i n\u00e0o \u0111\u00f3 kh\u00e1c c\u00f3 n\u1eafng v\u00e0 d\u1ec5 ch\u1ecbu. T\u1eeb th\u00e1ng 10 \u0111\u1ebfn th\u00e1ng 4, ch\u00fang t\u00f4i t\u1eadn h\u01b0\u1edfng m\u00f9a \u0111\u00f4ng v\u00e0 m\u00f9a xu\u00e2n \u1edf Vi\u1ec7t Nam. \u1ede mi\u1ec1n B\u1eafc, th\u1eddi ti\u1ebft m\u00e1t m\u1ebb. Nhi\u1ec1u du kh\u00e1ch th\u00edch hoa n\u1edf v\u00e0 \u0111\u1eb7c bi\u1ec7t l\u00e0 kh\u00f4ng kh\u00ed n\u00e1o nhi\u1ec7t c\u1ee7a T\u1ebft \u1edf Vi\u1ec7t Nam.<\/div>\n<div>\u00a0<\/div>\n<div>T\u1eeb th\u00e1ng 12 \u0111\u1ebfn th\u00e1ng 1, ch\u00fang t\u00f4i tr\u1ea3i qua th\u1eddi \u0111i\u1ec3m l\u1ea1nh nh\u1ea5t trong n\u0103m. Nhi\u1ec7t \u0111\u1ed9 trung b\u00ecnh l\u00e0 t\u1eeb 12-16\u00ba C ho\u1eb7c 53-60 \u0111\u1ed9 F. Th\u1eadt l\u00e0 m\u1ed9t m\u00f9a \u0111\u00f4ng tuy\u1ec7t v\u1eddi!<\/div>\n<\/div><\/div>\n<\/div>\n\t\t<\/div>\n\t\t\t\t\t<\/div>\n\n\t\n<\/div>\n\t<div id=\"gap-1606572693\" class=\"gap-element clearfix\" style=\"display:block; height:auto;\">\n\t\t\n<style>\n#gap-1606572693 {\n  padding-top: 30px;\n}\n<\/style>\n\t<\/div>\n\t\n\t\t<\/div>\n\n\t\t\n<style>\n#section_1958903769 {\n  padding-top: 0px;\n  padding-bottom: 0px;\n  background-color: rgba(225, 225, 225, 0.349);\n}\n#section_1958903769 .ux-shape-divider--top svg {\n  height: 150px;\n  --divider-top-width: 100%;\n}\n#section_1958903769 .ux-shape-divider--bottom svg {\n  height: 150px;\n  --divider-width: 100%;\n}\n<\/style>\n\t<\/section>\n\t\n<\/p><\/div>\n","protected":false},"excerpt":{"rendered":"","protected":false},"author":1,"featured_media":0,"parent":0,"menu_order":0,"comment_status":"closed","ping_status":"closed","template":"page-blank.php","meta":{"footnotes":""},"class_list":["post-1021","page","type-page","status-publish","hentry"],"acf":[],"yoast_head":"<!-- This site is optimized with the Yoast SEO plugin v21.7 - https:\/\/yoast.com\/wordpress\/plugins\/seo\/ -->\n<title>H\u1ecfi \u0111\u00e1p - VIETNAM WILDLIFE TOURS<\/title>\n<meta name=\"robots\" content=\"index, follow, max-snippet:-1, max-image-preview:large, max-video-preview:-1\" \/>\n<link rel=\"canonical\" href=\"https:\/\/vietnamwildlifetours.com.vn\/vi\/hoi-dap\/\" \/>\n<meta property=\"og:locale\" content=\"vi_VN\" \/>\n<meta property=\"og:type\" content=\"article\" \/>\n<meta property=\"og:title\" content=\"H\u1ecfi \u0111\u00e1p - VIETNAM WILDLIFE TOURS\" \/>\n<meta property=\"og:url\" content=\"https:\/\/vietnamwildlifetours.com.vn\/vi\/hoi-dap\/\" \/>\n<meta property=\"og:site_name\" content=\"VIETNAM WILDLIFE TOURS\" \/>\n<meta property=\"article:modified_time\" content=\"2024-08-29T07:45:57+00:00\" \/>\n<meta name=\"twitter:card\" content=\"summary_large_image\" \/>\n<meta name=\"twitter:label1\" content=\"Est. reading time\" \/>\n\t<meta name=\"twitter:data1\" content=\"4 minutes\" \/>\n<script type=\"application\/ld+json\" class=\"yoast-schema-graph\">{\"@context\":\"https:\/\/schema.org\",\"@graph\":[{\"@type\":\"WebPage\",\"@id\":\"https:\/\/vietnamwildlifetours.com.vn\/vi\/hoi-dap\/\",\"url\":\"https:\/\/vietnamwildlifetours.com.vn\/vi\/hoi-dap\/\",\"name\":\"H\u1ecfi \u0111\u00e1p - VIETNAM WILDLIFE TOURS\",\"isPartOf\":{\"@id\":\"https:\/\/vietnamwildlifetours.com.vn\/#website\"},\"datePublished\":\"2024-08-21T07:40:14+00:00\",\"dateModified\":\"2024-08-29T07:45:57+00:00\",\"breadcrumb\":{\"@id\":\"https:\/\/vietnamwildlifetours.com.vn\/vi\/hoi-dap\/#breadcrumb\"},\"inLanguage\":\"vi-VN\",\"potentialAction\":[{\"@type\":\"ReadAction\",\"target\":[\"https:\/\/vietnamwildlifetours.com.vn\/vi\/hoi-dap\/\"]}]},{\"@type\":\"BreadcrumbList\",\"@id\":\"https:\/\/vietnamwildlifetours.com.vn\/vi\/hoi-dap\/#breadcrumb\",\"itemListElement\":[{\"@type\":\"ListItem\",\"position\":1,\"name\":\"Trang ch\u1ee7\",\"item\":\"https:\/\/vietnamwildlifetours.com.vn\/vi\/\"},{\"@type\":\"ListItem\",\"position\":2,\"name\":\"H\u1ecfi \u0111\u00e1p\"}]},{\"@type\":\"WebSite\",\"@id\":\"https:\/\/vietnamwildlifetours.com.vn\/#website\",\"url\":\"https:\/\/vietnamwildlifetours.com.vn\/\",\"name\":\"VIETNAM WILDLIFE TOURS\",\"description\":\"\",\"potentialAction\":[{\"@type\":\"SearchAction\",\"target\":{\"@type\":\"EntryPoint\",\"urlTemplate\":\"https:\/\/vietnamwildlifetours.com.vn\/?s={search_term_string}\"},\"query-input\":\"required name=search_term_string\"}],\"inLanguage\":\"vi-VN\"}]}<\/script>\n<!-- \/ Yoast SEO plugin. -->","yoast_head_json":{"title":"H\u1ecfi \u0111\u00e1p - VIETNAM WILDLIFE TOURS","robots":{"index":"index","follow":"follow","max-snippet":"max-snippet:-1","max-image-preview":"max-image-preview:large","max-video-preview":"max-video-preview:-1"},"canonical":"https:\/\/vietnamwildlifetours.com.vn\/vi\/hoi-dap\/","og_locale":"vi_VN","og_type":"article","og_title":"H\u1ecfi \u0111\u00e1p - VIETNAM WILDLIFE TOURS","og_url":"https:\/\/vietnamwildlifetours.com.vn\/vi\/hoi-dap\/","og_site_name":"VIETNAM WILDLIFE TOURS","article_modified_time":"2024-08-29T07:45:57+00:00","twitter_card":"summary_large_image","twitter_misc":{"Est. reading time":"4 minutes"},"schema":{"@context":"https:\/\/schema.org","@graph":[{"@type":"WebPage","@id":"https:\/\/vietnamwildlifetours.com.vn\/vi\/hoi-dap\/","url":"https:\/\/vietnamwildlifetours.com.vn\/vi\/hoi-dap\/","name":"H\u1ecfi \u0111\u00e1p - VIETNAM WILDLIFE TOURS","isPartOf":{"@id":"https:\/\/vietnamwildlifetours.com.vn\/#website"},"datePublished":"2024-08-21T07:40:14+00:00","dateModified":"2024-08-29T07:45:57+00:00","breadcrumb":{"@id":"https:\/\/vietnamwildlifetours.com.vn\/vi\/hoi-dap\/#breadcrumb"},"inLanguage":"vi-VN","potentialAction":[{"@type":"ReadAction","target":["https:\/\/vietnamwildlifetours.com.vn\/vi\/hoi-dap\/"]}]},{"@type":"BreadcrumbList","@id":"https:\/\/vietnamwildlifetours.com.vn\/vi\/hoi-dap\/#breadcrumb","itemListElement":[{"@type":"ListItem","position":1,"name":"Trang ch\u1ee7","item":"https:\/\/vietnamwildlifetours.com.vn\/vi\/"},{"@type":"ListItem","position":2,"name":"H\u1ecfi \u0111\u00e1p"}]},{"@type":"WebSite","@id":"https:\/\/vietnamwildlifetours.com.vn\/#website","url":"https:\/\/vietnamwildlifetours.com.vn\/","name":"VIETNAM WILDLIFE TOURS","description":"","potentialAction":[{"@type":"SearchAction","target":{"@type":"EntryPoint","urlTemplate":"https:\/\/vietnamwildlifetours.com.vn\/?s={search_term_string}"},"query-input":"required name=search_term_string"}],"inLanguage":"vi-VN"}]}},"_links":{"self":[{"href":"https:\/\/vietnamwildlifetours.com.vn\/vi\/wp-json\/wp\/v2\/pages\/1021","targetHints":{"allow":["GET"]}}],"collection":[{"href":"https:\/\/vietnamwildlifetours.com.vn\/vi\/wp-json\/wp\/v2\/pages"}],"about":[{"href":"https:\/\/vietnamwildlifetours.com.vn\/vi\/wp-json\/wp\/v2\/types\/page"}],"author":[{"embeddable":true,"href":"https:\/\/vietnamwildlifetours.com.vn\/vi\/wp-json\/wp\/v2\/users\/1"}],"replies":[{"embeddable":true,"href":"https:\/\/vietnamwildlifetours.com.vn\/vi\/wp-json\/wp\/v2\/comments?post=1021"}],"version-history":[{"count":4,"href":"https:\/\/vietnamwildlifetours.com.vn\/vi\/wp-json\/wp\/v2\/pages\/1021\/revisions"}],"predecessor-version":[{"id":1060,"href":"https:\/\/vietnamwildlifetours.com.vn\/vi\/wp-json\/wp\/v2\/pages\/1021\/revisions\/1060"}],"wp:attachment":[{"href":"https:\/\/vietnamwildlifetours.com.vn\/vi\/wp-json\/wp\/v2\/media?parent=1021"}],"curies":[{"name":"wp","href":"https:\/\/api.w.org\/{rel}","templated":true}]}}