
{"id":777,"date":"2024-08-21T07:28:16","date_gmt":"2024-08-21T07:28:16","guid":{"rendered":"http:\/\/localhost:8080\/wp_vietnamwildlifetours\/?page_id=777"},"modified":"2024-09-12T02:04:47","modified_gmt":"2024-09-12T02:04:47","slug":"ve-chung-toi","status":"publish","type":"page","link":"https:\/\/vietnamwildlifetours.com.vn\/vi\/ve-chung-toi\/","title":{"rendered":"V\u1ec1 ch\u00fang t\u00f4i"},"content":{"rendered":"\t<section class=\"section\" id=\"section_641111080\">\n\t\t<div class=\"bg section-bg fill bg-fill  bg-loaded\" >\n\n\t\t\t\n\t\t\t\n\t\t\t\n\n\t\t<\/div>\n\n\t\t\n\n\t\t<div class=\"section-content relative\">\n\t\t\t\n<div class=\"row\"  id=\"row-863477055\">\n\n\t<div id=\"col-1980927335\" class=\"col colAbout small-12 large-12\"  >\n\t\t\t\t<div class=\"col-inner\" style=\"background-color:rgb(255, 255, 255);\" >\n\t\t\t\n\t\t\t\n<h2 style=\"text-align: center;\"><strong>V\u1ec0 CH\u00daNG T\u00d4I<\/strong><\/h2>\n<p><strong>Vietnam Wildlife Tour<\/strong> l\u00e0 \u0111\u01a1n v\u1ecb \u0111\u01b0\u1ee3c s\u00e1ng l\u1eadp, t\u1ed5 ch\u1ee9c v\u00e0 v\u1eadn h\u00e0nh b\u1edfi nh\u1eefng ng\u01b0\u1eddi \u0111\u00e3 l\u00e0m vi\u1ec7c nhi\u1ec1u n\u0103m trong l\u0129nh v\u1ef1c du l\u1ecbch sinh th\u00e1i c\u00e1c c\u00e1c V\u01b0\u1eddn qu\u1ed1c gia v\u00e0 khu b\u1ea3o t\u1ed3n \u1edf Vi\u1ec7t Nam. V\u1edbi nhi\u1ec1u n\u0103m kinh nghi\u1ec7m trong vi\u1ec7c t\u1ed5 ch\u1ee9c c\u00e1c ch\u01b0\u01a1ng tr\u00ecnh tham quan, kh\u00e1m ph\u00e1 thi\u00ean nhi\u00ean, c\u00e1c tour du l\u1ecbch chuy\u00ean \u0111\u1ec1. Ch\u00fang t\u00f4i chuy\u00ean thi\u1ebft k\u1ebf v\u00e0 th\u1ef1c hi\u1ec7n c\u00e1c ch\u01b0\u01a1ng tr\u00ecnh du l\u1ecbch cho c\u1ea3 kh\u00e1ch h\u00e0ng c\u00e1 nh\u00e2n v\u00e0 kh\u00e1ch h\u00e0ng nh\u00f3m c\u0169ng nh\u01b0 c\u00e1c \u0111\u1ed1i t\u00e1c; cung c\u1ea5p ki\u1ebfn th\u1ee9c chuy\u00ean m\u00f4n, h\u01b0\u1edbng d\u1eabn vi\u00ean trong c\u00e1c l\u0129nh v\u1ef1c xem chim, xem b\u00f2 s\u00e1t l\u01b0\u1ee1ng c\u01b0, c\u00f4n tr\u00f9ng\u2026kh\u00e1m ph\u00e1 thi\u00ean nhi\u00ean. H\u00e3y \u0111\u1ec3 ch\u00fang t\u00f4i c\u00f3 c\u01a1 h\u1ed9i gi\u00fap b\u1ea1n t\u1ed5 ch\u1ee9c c\u00e1c ch\u01b0\u01a1ng tr\u00ecnh du l\u1ecbch chuy\u00ean \u0111\u1ec1, kh\u00e1m ph\u00e1 thi\u00ean nhi\u00ean t\u1ea1i c\u00e1c V\u01b0\u1eddn qu\u1ed1c gia, khu b\u1ea3o t\u1ed3n thi\u00ean nhi\u00ean tr\u00ean l\u00e3nh th\u1ed5 Vi\u1ec7t Nam v\u00e0 c\u1ea3m nh\u1eadn s\u1ef1 ph\u1ee5c v\u1ee5 c\u1ee7a ch\u00fang t\u00f4i.<\/p>\n\t<div class=\"box has-hover   has-hover box-vertical box-text-bottom\" >\n\n\t\t<div class=\"box-image\" style=\"width:35%;\">\n\t\t\t\t\t\t<div class=\"\" >\n\t\t\t\t<img loading=\"lazy\" decoding=\"async\" width=\"750\" height=\"445\" src=\"https:\/\/vietnamwildlifetours.com.vn\/wp-content\/uploads\/2024\/09\/anh-1.jpg\" class=\"attachment-original size-original\" alt=\"\" srcset=\"https:\/\/vietnamwildlifetours.com.vn\/wp-content\/uploads\/2024\/09\/anh-1.jpg 750w, https:\/\/vietnamwildlifetours.com.vn\/wp-content\/uploads\/2024\/09\/anh-1-674x400.jpg 674w, https:\/\/vietnamwildlifetours.com.vn\/wp-content\/uploads\/2024\/09\/anh-1-600x356.jpg 600w\" sizes=\"auto, (max-width: 750px) 100vw, 750px\" \/>\t\t\t\t\t\t\t\t\t\t\t<\/div>\n\t\t\t\t\t<\/div>\n\n\t\t<div class=\"box-text text-center\" style=\"padding:0px 0px 0px 40p;\">\n\t\t\t<div class=\"box-text-inner\">\n\t\t\t\t\n\t<div id=\"text-2944473439\" class=\"text\">\n\t\t\n<h3><strong>Mr Do Hong Hai<\/strong><\/h3>\n<p style=\"text-align: left;\"><span style=\"font-size: 16px;\">L\u00e0 m\u1ed9t trong nh\u1eefng th\u00e0nh vi\u00ean s\u00e1ng l\u1eadp Vietnam Wildlife Tours. \u0110\u00e3 v\u00e0 \u0111ang l\u00e0m vi\u1ec7c t\u1ea1i V\u01b0\u1eddn qu\u1ed1c gia C\u00fac Ph\u01b0\u01a1ng, v\u1edbi 28 n\u0103m kinh nghi\u1ec7m trong l\u0129nh v\u1ef1c du l\u1ecbch sinh th\u00e1i; chuy\u00ean thi\u1ebft k\u1ebf, x\u00e2y d\u1ef1ng, t\u1ed5 ch\u1ee9c c\u00e1c ch\u01b0\u01a1ng tr\u00ecnh tham quan, tr\u1ea3i nghi\u1ec7m, kh\u00e1m ph\u00e1 thi\u00ean nhi\u00ean, xem chim, xem b\u00f2 s\u00e1t, l\u01b0\u1ee1ng c\u01b0 d\u00e0nh cho du kh\u00e1ch n\u1ed9i \u0111\u1ecba v\u00e0 kh\u00e1ch qu\u1ed1c t\u1ebf; \u0111\u00e3 \u0111\u1ebfn tham quan, kh\u00e1m ph\u00e1 h\u1ea7u h\u1ebft c\u00e1c V\u01b0\u1eddn qu\u1ed1c gia, khu b\u1ea3o t\u1ed3n c\u1ee7a Vi\u1ec7t Nam. Vi\u1ebft v\u00e0 giao ti\u1ebfp t\u1ed1t ti\u1ebfng Vi\u1ec7t v\u00e0 ti\u1ebfng Anh.<\/span><\/p>\n\t\t\n<style>\n#text-2944473439 {\n  text-align: left;\n}\n<\/style>\n\t<\/div>\n\t\n\t\t\t<\/div>\n\t\t<\/div>\n\t<\/div>\n\t\n\t<div id=\"gap-1797260980\" class=\"gap-element clearfix\" style=\"display:block; height:auto;\">\n\t\t\n<style>\n#gap-1797260980 {\n  padding-top: 30px;\n}\n<\/style>\n\t<\/div>\n\t\n\t<div class=\"box has-hover   has-hover box-vertical box-text-bottom\" >\n\n\t\t<div class=\"box-image\" style=\"width:35%;\">\n\t\t\t\t\t\t<div class=\"\" >\n\t\t\t\t<img loading=\"lazy\" decoding=\"async\" width=\"750\" height=\"445\" src=\"https:\/\/vietnamwildlifetours.com.vn\/wp-content\/uploads\/2024\/09\/anh-1.jpg\" class=\"attachment-original size-original\" alt=\"\" srcset=\"https:\/\/vietnamwildlifetours.com.vn\/wp-content\/uploads\/2024\/09\/anh-1.jpg 750w, https:\/\/vietnamwildlifetours.com.vn\/wp-content\/uploads\/2024\/09\/anh-1-674x400.jpg 674w, https:\/\/vietnamwildlifetours.com.vn\/wp-content\/uploads\/2024\/09\/anh-1-600x356.jpg 600w\" sizes=\"auto, (max-width: 750px) 100vw, 750px\" \/>\t\t\t\t\t\t\t\t\t\t\t<\/div>\n\t\t\t\t\t<\/div>\n\n\t\t<div class=\"box-text text-center\" style=\"padding:0px 0px 0px 40p;\">\n\t\t\t<div class=\"box-text-inner\">\n\t\t\t\t\n\t<div id=\"text-3529179812\" class=\"text\">\n\t\t\n<h3><strong>Mr Tran Van Bay ( Co-founder, birdguide)<\/strong><\/h3>\n<p><span style=\"font-size: 16px;\">\u0110\u1ed3ng s\u00e1ng l\u1eadp ra Vietnam Wildlife Tours. Sau khi k\u1ebft th\u00fac \u0110\u1ea1i h\u1ecdc L\u00e2m nghi\u1ec7p anh \u0111\u00e3 v\u1ec1 l\u00e0m vi\u1ec7c cho c\u00e1c D\u1ef1 \u00e1n B\u1ea3o t\u1ed3n v\u00e0 tr\u1edf th\u00e0nh h\u01b0\u1edbng d\u1eabn vi\u00ean xem chim, b\u00f2 s\u00e1t, l\u01b0\u1ee1ng c\u01b0 t\u1ea1i V\u01b0\u1eddn qu\u1ed1c gia C\u00fac Ph\u01b0\u01a1ng. Anh ta \u0111\u00e3 c\u00f3 20 n\u0103m kinh nghi\u1ec7m h\u01b0\u1edbng d\u1eabn, t\u1ed5 ch\u1ee9c c\u00e1c \u0111o\u00e0n kh\u00e1ch trong n\u01b0\u1edbc, qu\u1ed1c t\u1ebf quan s\u00e1t thi\u00ean nhi\u00ean, ch\u1ee5p \u1ea3nh \u1edf nhi\u1ec1u V\u01b0\u1eddn qu\u1ed1c gia v\u00e0 c\u00e1c Khu b\u1ea3o t\u1ed3n t\u1ea1i Vi\u1ec7t Nam. Anh c\u00f3 s\u1edf th\u00edch ch\u1ee5p \u1ea3nh chim, b\u00f2 s\u00e1t l\u01b0\u1ee1ng c\u01b0 v\u00e0 nhi\u1ec1u h\u00ecnh \u1ea3nh \u0111\u01b0\u1ee3c s\u1eed d\u1ee5ng trong webside, giao ti\u1ebfp t\u1ed1t ti\u1ebfng Anh.<\/span><\/p>\n\t\t\n<style>\n#text-3529179812 {\n  text-align: left;\n}\n<\/style>\n\t<\/div>\n\t\n\t\t\t<\/div>\n\t\t<\/div>\n\t<\/div>\n\t\n\t<div id=\"gap-1027073776\" class=\"gap-element clearfix\" style=\"display:block; height:auto;\">\n\t\t\n<style>\n#gap-1027073776 {\n  padding-top: 30px;\n}\n<\/style>\n\t<\/div>\n\t\n\t<div class=\"box has-hover   has-hover box-vertical box-text-bottom\" >\n\n\t\t<div class=\"box-image\" style=\"width:35%;\">\n\t\t\t\t\t\t<div class=\"\" >\n\t\t\t\t<img loading=\"lazy\" decoding=\"async\" width=\"750\" height=\"445\" src=\"https:\/\/vietnamwildlifetours.com.vn\/wp-content\/uploads\/2024\/09\/anh-1.jpg\" class=\"attachment-original size-original\" alt=\"\" srcset=\"https:\/\/vietnamwildlifetours.com.vn\/wp-content\/uploads\/2024\/09\/anh-1.jpg 750w, https:\/\/vietnamwildlifetours.com.vn\/wp-content\/uploads\/2024\/09\/anh-1-674x400.jpg 674w, https:\/\/vietnamwildlifetours.com.vn\/wp-content\/uploads\/2024\/09\/anh-1-600x356.jpg 600w\" sizes=\"auto, (max-width: 750px) 100vw, 750px\" \/>\t\t\t\t\t\t\t\t\t\t\t<\/div>\n\t\t\t\t\t<\/div>\n\n\t\t<div class=\"box-text text-center\" style=\"padding:0px 0px 0px 40p;\">\n\t\t\t<div class=\"box-text-inner\">\n\t\t\t\t\n\t<div id=\"text-4004860927\" class=\"text\">\n\t\t\n<h3><strong>Mr Luong Van Viet<\/strong><\/h3>\n<p style=\"text-align: left;\"><span style=\"font-size: 16px;\">\u0110\u00e3 t\u1eebng c\u00f3 20 n\u0103m l\u00e0m h\u01b0\u1edbng d\u1eabn vi\u00ean du l\u1ecbch sinh th\u00e1i t\u1ea1i V\u01b0\u1eddn qu\u1ed1c gia C\u00fac Ph\u01b0\u01a1ng, hi\u1ec7n Vi\u1ec7t \u0111ang l\u00e0m h\u01b0\u1edbng d\u1eabn vi\u00ean t\u1ef1 do, n\u00f3i ti\u1ebfng Vi\u1ec7t v\u00e0 ti\u1ebfng Anh t\u1ed1t, c\u00f3 th\u1ebb h\u01b0\u1edbng d\u1eabn vi\u00ean du l\u1ecbch qu\u1ed1c t\u1ebf, c\u00f3 chuy\u00ean m\u00f4n r\u1ea5t t\u1ed1t trong l\u0129nh v\u1ef1c h\u01b0\u1edbng d\u1eabn xem chim, kh\u00e1m ph\u00e1 thi\u00ean nhi\u00ean\u2026<\/span><\/p>\n\t\t\n<style>\n#text-4004860927 {\n  text-align: left;\n}\n<\/style>\n\t<\/div>\n\t\n\t\t\t<\/div>\n\t\t<\/div>\n\t<\/div>\n\t\n\t<div id=\"gap-1341088996\" class=\"gap-element clearfix\" style=\"display:block; height:auto;\">\n\t\t\n<style>\n#gap-1341088996 {\n  padding-top: 30px;\n}\n<\/style>\n\t<\/div>\n\t\n<h2 style=\"text-align: center;\"><strong>NHI\u1ec6M V\u1ee4 C\u1ee6A CH\u00daNG T\u00d4I<\/strong><\/h2>\n<ul>\n<li>\n<p>Ch\u00fang t\u00f4i mong mu\u1ed1n mang l\u1ea1i cho b\u1ea1n nh\u1eefng tr\u1ea3i nghi\u1ec7m t\u1ed1t nh\u1ea5t; t\u00ecm hi\u1ec3u, nghi\u00ean c\u1ee9u v\u1ec1 c\u00e1c lo\u00e0i \u0111\u1ed9ng v\u1eadt hoang d\u00e3 c\u1ee7a Vi\u1ec7t Nam.<\/p>\n<\/li>\n<li>\n<p>Cam k\u1ebft c\u1ee7a ch\u00fang t\u00f4i v\u1edbi b\u1ea1n b\u1eaft \u0111\u1ea7u t\u1eeb th\u1eddi \u0111i\u1ec3m ch\u00fang t\u00f4i ph\u1ea3n h\u1ed3i y\u00eau c\u1ea7u c\u1ee7a b\u1ea1n. Ch\u00fang t\u00f4i tr\u1ea3 l\u1eddi email k\u1ecbp th\u1eddi v\u00e0 lu\u00f4n s\u1eb5n s\u00e0ng 7 ng\u00e0y m\u1ed7i tu\u1ea7n, 24 gi\u1edd m\u1ed7i ng\u00e0y.<\/p>\n<\/li>\n<li>\n<p>Ch\u00fang t\u00f4i cung c\u1ea5p d\u1ecbch v\u1ee5 \u0111\u01b0\u1ee3c c\u00e1 nh\u00e2n h\u00f3a t\u1eeb th\u1eddi \u0111i\u1ec3m b\u00e1n h\u00e0ng cho \u0111\u1ebfn khi k\u1ebft th\u00fac chuy\u1ebfn tham quan.<\/p>\n<\/li>\n<li>\n<p>Cung c\u1ea5p nh\u1eefng g\u00ec ch\u00fang t\u00f4i h\u1ee9a.<\/p>\n<\/li>\n<li>\n<p>\u0110\u1ed9i ng\u0169 nh\u00e2n vi\u00ean v\u0103n ph\u00f2ng am hi\u1ec3u v\u00e0 h\u01b0\u1edbng d\u1eabn vi\u00ean chuy\u00ean nghi\u1ec7p c\u1ee7a ch\u00fang t\u00f4i l\u00e0 th\u00e0nh vi\u00ean c\u1ee7a c\u00f9ng m\u1ed9t nh\u00f3m.<\/p>\n<\/li>\n<li>\n<p>M\u1ed1i quan h\u1ec7 li\u00ean t\u1ee5c v\u1edbi kh\u00e1ch h\u00e0ng, nh\u00e2n vi\u00ean v\u00e0 nh\u00e0 cung c\u1ea5p g\u00f3p ph\u1ea7n t\u1ea1o n\u00ean s\u1ef1 th\u00e0nh c\u00f4ng v\u00e0 ni\u1ec1m vui c\u1ee7a ch\u00fang t\u00f4i trong vi\u1ec7c cung c\u1ea5p nh\u1eefng tr\u1ea3i nghi\u1ec7m du l\u1ecbch h\u00e0ng \u0111\u1ea7u. Ch\u00fang t\u00f4i \u0111\u1ecdc v\u00e0 theo d\u00f5i m\u1ecdi \u0111\u00e1nh gi\u00e1 c\u1ee7a kh\u00e1ch h\u00e0ng, \u0111\u1ed3ng th\u1eddi xem x\u00e9t m\u1ecdi nh\u1eadn x\u00e9t c\u1ee7a kh\u00e1ch h\u00e0ng m\u1ed9t c\u00e1ch nghi\u00eam t\u00fac, s\u1eed d\u1ee5ng ph\u1ea3n h\u1ed3i n\u00e0y \u0111\u1ec3 c\u1ea3i thi\u1ec7n ch\u1ea5t l\u01b0\u1ee3ng s\u1ea3n ph\u1ea9m du l\u1ecbch c\u1ee7a m\u00ecnh.<\/p>\n<\/li>\n<\/ul>\n<h2 style=\"text-align: center;\"><strong>D\u1ecaCH V\u1ee4 C\u1ee6A CH\u00daNG T\u00d4I<\/strong><\/h2>\n<ul>\n<li>\n<p>N\u1ebfu b\u1ea1n c\u00f3 y\u00eau c\u1ea7u \u0111\u1eb7c bi\u1ec7t cho chuy\u1ebfn du l\u1ecbch, kh\u00e1m ph\u00e1 thi\u00ean nhi\u00ean, ch\u00fang t\u00f4i s\u1ebd s\u1eb5n l\u00f2ng \u0111i\u1ec1u ch\u1ec9nh h\u00e0nh tr\u00ecnh ph\u00f9 h\u1ee3p v\u1edbi y\u00eau c\u1ea7u c\u1ee7a b\u1ea1n. Ch\u00fang t\u00f4i s\u1ebd gi\u00fap b\u1ea1n x\u00e2y d\u1ef1ng chuy\u1ebfn tham quan c\u1ee7a m\u00ecnh ngay t\u1eeb \u0111\u1ea7u v\u1edbi m\u1ee9c gi\u00e1 ph\u1ea3i ch\u0103ng h\u01a1n b\u1ea1n ngh\u0129<\/p>\n<\/li>\n<li>\n<p>H\u00e3y li\u00ean h\u1ec7 v\u1edbi ch\u00fang t\u00f4i ho\u1eb7c g\u1ecdi +84 984.468.662 v\u00e0 ch\u00fang t\u00f4i s\u1ebd s\u1eb5n l\u00f2ng h\u1ed7 tr\u1ee3 b\u1ea1n x\u00e2y d\u1ef1ng chuy\u1ebfn \u0111i c\u1ee7a m\u00ecnh t\u1ed1t nh\u1ea5t.<\/p>\n<\/li>\n<li>\n<p>\u0110\u1ed1i v\u1edbi m\u1ed7i chuy\u1ebfn tham quan Vi\u1ec7t Nam, ch\u00fang t\u00f4i \u0111\u1ea3m b\u1ea3o r\u1eb1ng kh\u00e1ch h\u00e0ng c\u1ee7a m\u00ecnh \u0111\u01b0\u1ee3c s\u1eed d\u1ee5ng nh\u1eefng ph\u01b0\u01a1ng ti\u1ec7n an to\u00e0n v\u00e0 ch\u1ea5t l\u01b0\u1ee3ng cao nh\u1ea5t<\/p>\n<\/li>\n<\/ul>\n<h2 style=\"text-align: center;\"><strong>C\u00c1C D\u1ecaCH V\u1ee4 KH\u00c1C<\/strong><\/h2>\n<ul>\n<li>\n<p>Ch\u00fang t\u00f4i cung c\u1ea5p d\u1ecbch v\u1ee5 h\u01b0\u1edbng d\u1eabn vi\u00ean t\u1edbi c\u00e1c V\u01b0\u1eddn qu\u1ed1c gia, khu b\u1ea3o t\u1ed3n tr\u00ean to\u00e0n qu\u1ed1c v\u00e0 h\u01b0\u1edbng d\u1eabn vi\u00ean tham quan c\u00e1c tuy\u1ebfn \u0111i\u1ec3m du l\u1ecbch thu\u1ed9c t\u1ec9nh Ninh B\u00ecnh v\u00e0 khu v\u1ef1c mi\u1ec1n B\u1eafc Vi\u1ec7t Nam.<\/p>\n<\/li>\n<li>\n<p>Ch\u00fang t\u00f4i h\u1ed7 tr\u1ee3 cung c\u1ea5p th\u00f4ng tin mi\u1ec5n ph\u00ed v\u1ec1 c\u00e1c V\u01b0\u1eddn qu\u1ed1c gia, khu b\u1ea3o t\u1ed3n thi\u00ean nhi\u00ean c\u1ee7a Vi\u1ec7t Nam b\u1ea5t k\u1ef3 khi n\u00e0o b\u1ea1n c\u00f3 nhu c\u1ea7u; h\u1ed7 tr\u1ee3 cung c\u1ea5p th\u00f4ng tin li\u00ean quan t\u1edbi c\u00e1c d\u1ecbch v\u1ee5 du l\u1ecbch nh\u01b0: ph\u01b0\u01a1ng ti\u1ec7n v\u1eadn chuy\u1ec3n, l\u01b0u tr\u00fa, h\u01b0\u1edbng d\u1eabn\u2026<\/p>\n<\/li>\n<\/ul>\n\t\t<\/div>\n\t\t\t\t\n<style>\n#col-1980927335 > .col-inner {\n  padding: 15px 15px 15px 15px;\n  border-radius: 20px;\n}\n<\/style>\n\t<\/div>\n\n\t\n<\/div>\n\t\t<\/div>\n\n\t\t\n<style>\n#section_641111080 {\n  padding-top: 30px;\n  padding-bottom: 30px;\n  background-color: rgba(225, 225, 225, 0.349);\n}\n#section_641111080 .ux-shape-divider--top svg {\n  height: 150px;\n  --divider-top-width: 100%;\n}\n#section_641111080 .ux-shape-divider--bottom svg {\n  height: 150px;\n  --divider-width: 100%;\n}\n<\/style>\n\t<\/section>\n\t\n","protected":false},"excerpt":{"rendered":"","protected":false},"author":1,"featured_media":0,"parent":0,"menu_order":0,"comment_status":"closed","ping_status":"closed","template":"page-blank.php","meta":{"footnotes":""},"class_list":["post-777","page","type-page","status-publish","hentry"],"acf":[],"yoast_head":"<!-- This site is optimized with the Yoast SEO plugin v21.7 - https:\/\/yoast.com\/wordpress\/plugins\/seo\/ -->\n<title>V\u1ec1 ch\u00fang t\u00f4i - VIETNAM WILDLIFE TOURS<\/title>\n<meta name=\"robots\" content=\"index, follow, max-snippet:-1, max-image-preview:large, max-video-preview:-1\" \/>\n<link rel=\"canonical\" href=\"https:\/\/vietnamwildlifetours.com.vn\/vi\/ve-chung-toi\/\" \/>\n<meta property=\"og:locale\" content=\"vi_VN\" \/>\n<meta property=\"og:type\" content=\"article\" \/>\n<meta property=\"og:title\" content=\"V\u1ec1 ch\u00fang t\u00f4i - VIETNAM WILDLIFE TOURS\" \/>\n<meta property=\"og:url\" content=\"https:\/\/vietnamwildlifetours.com.vn\/vi\/ve-chung-toi\/\" \/>\n<meta property=\"og:site_name\" content=\"VIETNAM WILDLIFE TOURS\" \/>\n<meta property=\"article:modified_time\" content=\"2024-09-12T02:04:47+00:00\" \/>\n<meta name=\"twitter:card\" content=\"summary_large_image\" \/>\n<meta name=\"twitter:label1\" content=\"Est. reading time\" \/>\n\t<meta name=\"twitter:data1\" content=\"3 minutes\" \/>\n<script type=\"application\/ld+json\" class=\"yoast-schema-graph\">{\"@context\":\"https:\/\/schema.org\",\"@graph\":[{\"@type\":\"WebPage\",\"@id\":\"https:\/\/vietnamwildlifetours.com.vn\/vi\/ve-chung-toi\/\",\"url\":\"https:\/\/vietnamwildlifetours.com.vn\/vi\/ve-chung-toi\/\",\"name\":\"V\u1ec1 ch\u00fang t\u00f4i - VIETNAM WILDLIFE TOURS\",\"isPartOf\":{\"@id\":\"https:\/\/vietnamwildlifetours.com.vn\/#website\"},\"datePublished\":\"2024-08-21T07:28:16+00:00\",\"dateModified\":\"2024-09-12T02:04:47+00:00\",\"breadcrumb\":{\"@id\":\"https:\/\/vietnamwildlifetours.com.vn\/vi\/ve-chung-toi\/#breadcrumb\"},\"inLanguage\":\"vi-VN\",\"potentialAction\":[{\"@type\":\"ReadAction\",\"target\":[\"https:\/\/vietnamwildlifetours.com.vn\/vi\/ve-chung-toi\/\"]}]},{\"@type\":\"BreadcrumbList\",\"@id\":\"https:\/\/vietnamwildlifetours.com.vn\/vi\/ve-chung-toi\/#breadcrumb\",\"itemListElement\":[{\"@type\":\"ListItem\",\"position\":1,\"name\":\"Trang ch\u1ee7\",\"item\":\"https:\/\/vietnamwildlifetours.com.vn\/vi\/\"},{\"@type\":\"ListItem\",\"position\":2,\"name\":\"V\u1ec1 ch\u00fang t\u00f4i\"}]},{\"@type\":\"WebSite\",\"@id\":\"https:\/\/vietnamwildlifetours.com.vn\/#website\",\"url\":\"https:\/\/vietnamwildlifetours.com.vn\/\",\"name\":\"VIETNAM WILDLIFE TOURS\",\"description\":\"\",\"potentialAction\":[{\"@type\":\"SearchAction\",\"target\":{\"@type\":\"EntryPoint\",\"urlTemplate\":\"https:\/\/vietnamwildlifetours.com.vn\/?s={search_term_string}\"},\"query-input\":\"required name=search_term_string\"}],\"inLanguage\":\"vi-VN\"}]}<\/script>\n<!-- \/ Yoast SEO plugin. -->","yoast_head_json":{"title":"V\u1ec1 ch\u00fang t\u00f4i - VIETNAM WILDLIFE TOURS","robots":{"index":"index","follow":"follow","max-snippet":"max-snippet:-1","max-image-preview":"max-image-preview:large","max-video-preview":"max-video-preview:-1"},"canonical":"https:\/\/vietnamwildlifetours.com.vn\/vi\/ve-chung-toi\/","og_locale":"vi_VN","og_type":"article","og_title":"V\u1ec1 ch\u00fang t\u00f4i - VIETNAM WILDLIFE TOURS","og_url":"https:\/\/vietnamwildlifetours.com.vn\/vi\/ve-chung-toi\/","og_site_name":"VIETNAM WILDLIFE TOURS","article_modified_time":"2024-09-12T02:04:47+00:00","twitter_card":"summary_large_image","twitter_misc":{"Est. reading time":"3 minutes"},"schema":{"@context":"https:\/\/schema.org","@graph":[{"@type":"WebPage","@id":"https:\/\/vietnamwildlifetours.com.vn\/vi\/ve-chung-toi\/","url":"https:\/\/vietnamwildlifetours.com.vn\/vi\/ve-chung-toi\/","name":"V\u1ec1 ch\u00fang t\u00f4i - VIETNAM WILDLIFE TOURS","isPartOf":{"@id":"https:\/\/vietnamwildlifetours.com.vn\/#website"},"datePublished":"2024-08-21T07:28:16+00:00","dateModified":"2024-09-12T02:04:47+00:00","breadcrumb":{"@id":"https:\/\/vietnamwildlifetours.com.vn\/vi\/ve-chung-toi\/#breadcrumb"},"inLanguage":"vi-VN","potentialAction":[{"@type":"ReadAction","target":["https:\/\/vietnamwildlifetours.com.vn\/vi\/ve-chung-toi\/"]}]},{"@type":"BreadcrumbList","@id":"https:\/\/vietnamwildlifetours.com.vn\/vi\/ve-chung-toi\/#breadcrumb","itemListElement":[{"@type":"ListItem","position":1,"name":"Trang ch\u1ee7","item":"https:\/\/vietnamwildlifetours.com.vn\/vi\/"},{"@type":"ListItem","position":2,"name":"V\u1ec1 ch\u00fang t\u00f4i"}]},{"@type":"WebSite","@id":"https:\/\/vietnamwildlifetours.com.vn\/#website","url":"https:\/\/vietnamwildlifetours.com.vn\/","name":"VIETNAM WILDLIFE TOURS","description":"","potentialAction":[{"@type":"SearchAction","target":{"@type":"EntryPoint","urlTemplate":"https:\/\/vietnamwildlifetours.com.vn\/?s={search_term_string}"},"query-input":"required name=search_term_string"}],"inLanguage":"vi-VN"}]}},"_links":{"self":[{"href":"https:\/\/vietnamwildlifetours.com.vn\/vi\/wp-json\/wp\/v2\/pages\/777","targetHints":{"allow":["GET"]}}],"collection":[{"href":"https:\/\/vietnamwildlifetours.com.vn\/vi\/wp-json\/wp\/v2\/pages"}],"about":[{"href":"https:\/\/vietnamwildlifetours.com.vn\/vi\/wp-json\/wp\/v2\/types\/page"}],"author":[{"embeddable":true,"href":"https:\/\/vietnamwildlifetours.com.vn\/vi\/wp-json\/wp\/v2\/users\/1"}],"replies":[{"embeddable":true,"href":"https:\/\/vietnamwildlifetours.com.vn\/vi\/wp-json\/wp\/v2\/comments?post=777"}],"version-history":[{"count":12,"href":"https:\/\/vietnamwildlifetours.com.vn\/vi\/wp-json\/wp\/v2\/pages\/777\/revisions"}],"predecessor-version":[{"id":1241,"href":"https:\/\/vietnamwildlifetours.com.vn\/vi\/wp-json\/wp\/v2\/pages\/777\/revisions\/1241"}],"wp:attachment":[{"href":"https:\/\/vietnamwildlifetours.com.vn\/vi\/wp-json\/wp\/v2\/media?parent=777"}],"curies":[{"name":"wp","href":"https:\/\/api.w.org\/{rel}","templated":true}]}}