
{"id":779,"date":"2024-08-21T07:29:19","date_gmt":"2024-08-21T07:29:19","guid":{"rendered":"http:\/\/localhost:8080\/wp_vietnamwildlifetours\/?page_id=779"},"modified":"2024-09-09T07:50:48","modified_gmt":"2024-09-09T07:50:48","slug":"lien-he","status":"publish","type":"page","link":"https:\/\/vietnamwildlifetours.com.vn\/vi\/lien-he\/","title":{"rendered":"Li\u00ean h\u1ec7"},"content":{"rendered":"\t<section class=\"section\" id=\"section_1819906701\">\n\t\t<div class=\"bg section-bg fill bg-fill  bg-loaded\" >\n\n\t\t\t\n\t\t\t\n\t\t\t\n\n\t\t<\/div>\n\n\t\t\n\n\t\t<div class=\"section-content relative\">\n\t\t\t\n\t<div id=\"gap-1601628828\" class=\"gap-element clearfix\" style=\"display:block; height:auto;\">\n\t\t\n<style>\n#gap-1601628828 {\n  padding-top: 30px;\n}\n<\/style>\n\t<\/div>\n\t\n<div class=\"row\"  id=\"row-1127567514\">\n\n\t<div id=\"col-222349732\" class=\"col small-12 large-12\"  >\n\t\t\t\t<div class=\"col-inner\"  >\n\t\t\t\n\t\t\t\n\t<div id=\"text-2424798974\" class=\"text\">\n\t\t\n<h1>LI\u00caN H\u1ec6\u00a0<\/h1>\n\t\t\n<style>\n#text-2424798974 {\n  text-align: center;\n}\n<\/style>\n\t<\/div>\n\t\n<p style=\"text-align: center;\">H\u00e3y li\u00ean h\u1ec7 VIETNAM WILDLIFE TOURS n\u1ebfu b\u1ea1n c\u00f3 b\u1ea5t k\u1ef3 c\u00e2u h\u1ecfi n\u00e0o v\u1ec1 c\u00e1c tour du l\u1ecbch c\u1ee7a ch\u00fang t\u00f4i ho\u1eb7c y\u00eau c\u1ea7u th\u00eam th\u00f4ng tin, ch\u00fang t\u00f4i lu\u00f4n s\u1eb5n l\u00f2ng l\u1eafng nghe b\u1ea1n. Vui l\u00f2ng li\u00ean h\u1ec7 v\u1edbi ch\u00fang t\u00f4i qua email ho\u1eb7c \u0111i\u1ec7n tho\u1ea1i \u0111\u1ec3 th\u1ea3o lu\u1eadn v\u1ec1 b\u1ea5t k\u1ef3 kh\u00eda c\u1ea1nh n\u00e0o c\u1ee7a c\u00e1c tour du l\u1ecbch c\u1ee7a ch\u00fang t\u00f4i.<\/p>\n\t\t<\/div>\n\t\t\t\t\t<\/div>\n\n\t\n<\/div>\n\t<div id=\"gap-1036221163\" class=\"gap-element clearfix\" style=\"display:block; height:auto;\">\n\t\t\n<style>\n#gap-1036221163 {\n  padding-top: 10px;\n}\n<\/style>\n\t<\/div>\n\t\n<div class=\"row\"  id=\"row-679850475\">\n\n\t<div id=\"col-1217639661\" class=\"col colContact medium-4 small-12 large-4\"  >\n\t\t\t\t<div class=\"col-inner\"  >\n\t\t\t\n\t\t\t\n<h3>VIETNAM WILDLIFE TOURS<\/h3>\n<ul>\n<li>\u0110\u1ecba ch\u1ec9: S\u1ed1 nh\u00e0 62, \u0111\u01b0\u1eddng \u0110inh T\u1ea5t Mi\u1ec5n, Th\u1ecb tr\u1ea5n Nho Quan, t\u1ec9nh Ninh B\u00ecnh.<\/li>\n<li>Hotline: 091 287 2490 &#8211; 0984 468 662 (Mr Hong Hai)<\/li>\n<li>Email: vietnamwildlife@gmail.com<\/li>\n<\/ul>\n\t\t<\/div>\n\t\t\t\t\t<\/div>\n\n\t\n\n\t<div id=\"col-1629568734\" class=\"col medium-8 small-12 large-8\"  >\n\t\t\t\t<div class=\"col-inner\" style=\"background-color:rgb(255, 255, 255);\" >\n\t\t\t\n\t\t\t\n\n<div class=\"wpcf7 no-js\" id=\"wpcf7-f793-o1\" lang=\"en-US\" dir=\"ltr\">\n<div class=\"screen-reader-response\"><p role=\"status\" aria-live=\"polite\" aria-atomic=\"true\"><\/p> <ul><\/ul><\/div>\n<form action=\"\/vi\/wp-json\/wp\/v2\/pages\/779#wpcf7-f793-o1\" method=\"post\" class=\"wpcf7-form init\" aria-label=\"Contact form\" novalidate=\"novalidate\" data-status=\"init\">\n<div style=\"display: none;\">\n<input type=\"hidden\" name=\"_wpcf7\" value=\"793\" \/>\n<input type=\"hidden\" name=\"_wpcf7_version\" value=\"5.8.4\" \/>\n<input type=\"hidden\" name=\"_wpcf7_locale\" value=\"en_US\" \/>\n<input type=\"hidden\" name=\"_wpcf7_unit_tag\" value=\"wpcf7-f793-o1\" \/>\n<input type=\"hidden\" name=\"_wpcf7_container_post\" value=\"0\" \/>\n<input type=\"hidden\" name=\"_wpcf7_posted_data_hash\" value=\"\" \/>\n<\/div>\n<div class=\"row\">\n\t<div class=\"col medium-6 small-12 large-6\">\n\t\t<p><span class=\"wpcf7-form-control-wrap\" data-name=\"yrvName\"><input size=\"40\" class=\"wpcf7-form-control wpcf7-text wpcf7-validates-as-required\" aria-required=\"true\" aria-invalid=\"false\" placeholder=\"H\u1ecd t\u00ean\" value=\"\" type=\"text\" name=\"yrvName\" \/><\/span>\n\t\t<\/p>\n\t<\/div>\n\t<div class=\"col medium-6 small-12 large-6\">\n\t\t<p><span class=\"wpcf7-form-control-wrap\" data-name=\"yrvEmail\"><input size=\"40\" class=\"wpcf7-form-control wpcf7-email wpcf7-text wpcf7-validates-as-email\" aria-invalid=\"false\" placeholder=\"\u0110\u1ecba ch\u1ec9 Email\" value=\"\" type=\"email\" name=\"yrvEmail\" \/><\/span>\n\t\t<\/p>\n\t<\/div>\n\t<div class=\"col medium-6 small-12 large-6\">\n\t\t<p><span class=\"wpcf7-form-control-wrap\" data-name=\"yrvPhone\"><input size=\"40\" class=\"wpcf7-form-control wpcf7-tel wpcf7-text wpcf7-validates-as-tel\" aria-invalid=\"false\" placeholder=\"S\u1ed1 \u0111i\u1ec7n tho\u1ea1i\" value=\"\" type=\"tel\" name=\"yrvPhone\" \/><\/span>\n\t\t<\/p>\n\t<\/div>\n\t<div class=\"col medium-6 small-12 large-6\">\n\t\t<p><span class=\"wpcf7-form-control-wrap\" data-name=\"yrvCountry\"><input size=\"40\" class=\"wpcf7-form-control wpcf7-text wpcf7-validates-as-required\" aria-required=\"true\" aria-invalid=\"false\" placeholder=\"\u0110\u1ecba ch\u1ec9\" value=\"\" type=\"text\" name=\"yrvCountry\" \/><\/span>\n\t\t<\/p>\n\t<\/div>\n\t<div class=\"col medium-12 small-12 large-12\">\n\t\t<p><span class=\"wpcf7-form-control-wrap\" data-name=\"yrvMessage\"><textarea cols=\"40\" rows=\"10\" class=\"wpcf7-form-control wpcf7-textarea\" aria-invalid=\"false\" placeholder=\"N\u1ed9i dung\" name=\"yrvMessage\"><\/textarea><\/span>\n\t\t<\/p>\n\t<\/div>\n\t<div class=\"col medium-12 small-12 large-12\">\n\t\t<p><input class=\"wpcf7-form-control wpcf7-submit has-spinner\" type=\"submit\" value=\"G\u1eecI LI\u00caN H\u1ec6\" \/>\n\t\t<\/p>\n\t<\/div>\n<\/div><div class=\"wpcf7-response-output\" aria-hidden=\"true\"><\/div>\n<\/form>\n<\/div>\n\n\t\t<\/div>\n\t\t\t\t\n<style>\n#col-1629568734 > .col-inner {\n  padding: 30px 30px 30px 30px;\n  border-radius: 20px;\n}\n<\/style>\n\t<\/div>\n\n\t\n<\/div>\n\t\t<\/div>\n\n\t\t\n<style>\n#section_1819906701 {\n  padding-top: 0px;\n  padding-bottom: 0px;\n  background-color: rgba(225, 225, 225, 0.349);\n}\n#section_1819906701 .ux-shape-divider--top svg {\n  height: 150px;\n  --divider-top-width: 100%;\n}\n#section_1819906701 .ux-shape-divider--bottom svg {\n  height: 150px;\n  --divider-width: 100%;\n}\n<\/style>\n\t<\/section>\n\t\n","protected":false},"excerpt":{"rendered":"","protected":false},"author":1,"featured_media":0,"parent":0,"menu_order":0,"comment_status":"closed","ping_status":"closed","template":"page-blank.php","meta":{"footnotes":""},"class_list":["post-779","page","type-page","status-publish","hentry"],"acf":[],"yoast_head":"<!-- This site is optimized with the Yoast SEO plugin v21.7 - https:\/\/yoast.com\/wordpress\/plugins\/seo\/ -->\n<title>Li\u00ean h\u1ec7 - VIETNAM WILDLIFE TOURS<\/title>\n<meta name=\"robots\" content=\"index, follow, max-snippet:-1, max-image-preview:large, max-video-preview:-1\" \/>\n<link rel=\"canonical\" href=\"https:\/\/www.vietnamwildlifetours.com.vn\/vi\/lien-he\/\" \/>\n<meta property=\"og:locale\" content=\"vi_VN\" \/>\n<meta property=\"og:type\" content=\"article\" \/>\n<meta property=\"og:title\" content=\"Li\u00ean h\u1ec7 - VIETNAM WILDLIFE TOURS\" \/>\n<meta property=\"og:url\" content=\"https:\/\/www.vietnamwildlifetours.com.vn\/vi\/lien-he\/\" \/>\n<meta property=\"og:site_name\" content=\"VIETNAM WILDLIFE TOURS\" \/>\n<meta property=\"article:modified_time\" content=\"2024-09-09T07:50:48+00:00\" \/>\n<meta name=\"twitter:card\" content=\"summary_large_image\" \/>\n<script type=\"application\/ld+json\" class=\"yoast-schema-graph\">{\"@context\":\"https:\/\/schema.org\",\"@graph\":[{\"@type\":\"WebPage\",\"@id\":\"https:\/\/www.vietnamwildlifetours.com.vn\/vi\/lien-he\/\",\"url\":\"https:\/\/www.vietnamwildlifetours.com.vn\/vi\/lien-he\/\",\"name\":\"Li\u00ean h\u1ec7 - VIETNAM WILDLIFE TOURS\",\"isPartOf\":{\"@id\":\"https:\/\/www.vietnamwildlifetours.com.vn\/#website\"},\"datePublished\":\"2024-08-21T07:29:19+00:00\",\"dateModified\":\"2024-09-09T07:50:48+00:00\",\"breadcrumb\":{\"@id\":\"https:\/\/www.vietnamwildlifetours.com.vn\/vi\/lien-he\/#breadcrumb\"},\"inLanguage\":\"vi-VN\",\"potentialAction\":[{\"@type\":\"ReadAction\",\"target\":[\"https:\/\/www.vietnamwildlifetours.com.vn\/vi\/lien-he\/\"]}]},{\"@type\":\"BreadcrumbList\",\"@id\":\"https:\/\/www.vietnamwildlifetours.com.vn\/vi\/lien-he\/#breadcrumb\",\"itemListElement\":[{\"@type\":\"ListItem\",\"position\":1,\"name\":\"Trang ch\u1ee7\",\"item\":\"https:\/\/www.vietnamwildlifetours.com.vn\/vi\/\"},{\"@type\":\"ListItem\",\"position\":2,\"name\":\"Li\u00ean h\u1ec7\"}]},{\"@type\":\"WebSite\",\"@id\":\"https:\/\/www.vietnamwildlifetours.com.vn\/#website\",\"url\":\"https:\/\/www.vietnamwildlifetours.com.vn\/\",\"name\":\"VIETNAM WILDLIFE TOURS\",\"description\":\"\",\"potentialAction\":[{\"@type\":\"SearchAction\",\"target\":{\"@type\":\"EntryPoint\",\"urlTemplate\":\"https:\/\/www.vietnamwildlifetours.com.vn\/?s={search_term_string}\"},\"query-input\":\"required name=search_term_string\"}],\"inLanguage\":\"vi-VN\"}]}<\/script>\n<!-- \/ Yoast SEO plugin. -->","yoast_head_json":{"title":"Li\u00ean h\u1ec7 - VIETNAM WILDLIFE TOURS","robots":{"index":"index","follow":"follow","max-snippet":"max-snippet:-1","max-image-preview":"max-image-preview:large","max-video-preview":"max-video-preview:-1"},"canonical":"https:\/\/www.vietnamwildlifetours.com.vn\/vi\/lien-he\/","og_locale":"vi_VN","og_type":"article","og_title":"Li\u00ean h\u1ec7 - VIETNAM WILDLIFE TOURS","og_url":"https:\/\/www.vietnamwildlifetours.com.vn\/vi\/lien-he\/","og_site_name":"VIETNAM WILDLIFE TOURS","article_modified_time":"2024-09-09T07:50:48+00:00","twitter_card":"summary_large_image","schema":{"@context":"https:\/\/schema.org","@graph":[{"@type":"WebPage","@id":"https:\/\/www.vietnamwildlifetours.com.vn\/vi\/lien-he\/","url":"https:\/\/www.vietnamwildlifetours.com.vn\/vi\/lien-he\/","name":"Li\u00ean h\u1ec7 - VIETNAM WILDLIFE TOURS","isPartOf":{"@id":"https:\/\/www.vietnamwildlifetours.com.vn\/#website"},"datePublished":"2024-08-21T07:29:19+00:00","dateModified":"2024-09-09T07:50:48+00:00","breadcrumb":{"@id":"https:\/\/www.vietnamwildlifetours.com.vn\/vi\/lien-he\/#breadcrumb"},"inLanguage":"vi-VN","potentialAction":[{"@type":"ReadAction","target":["https:\/\/www.vietnamwildlifetours.com.vn\/vi\/lien-he\/"]}]},{"@type":"BreadcrumbList","@id":"https:\/\/www.vietnamwildlifetours.com.vn\/vi\/lien-he\/#breadcrumb","itemListElement":[{"@type":"ListItem","position":1,"name":"Trang ch\u1ee7","item":"https:\/\/www.vietnamwildlifetours.com.vn\/vi\/"},{"@type":"ListItem","position":2,"name":"Li\u00ean h\u1ec7"}]},{"@type":"WebSite","@id":"https:\/\/www.vietnamwildlifetours.com.vn\/#website","url":"https:\/\/www.vietnamwildlifetours.com.vn\/","name":"VIETNAM WILDLIFE TOURS","description":"","potentialAction":[{"@type":"SearchAction","target":{"@type":"EntryPoint","urlTemplate":"https:\/\/www.vietnamwildlifetours.com.vn\/?s={search_term_string}"},"query-input":"required name=search_term_string"}],"inLanguage":"vi-VN"}]}},"_links":{"self":[{"href":"https:\/\/vietnamwildlifetours.com.vn\/vi\/wp-json\/wp\/v2\/pages\/779","targetHints":{"allow":["GET"]}}],"collection":[{"href":"https:\/\/vietnamwildlifetours.com.vn\/vi\/wp-json\/wp\/v2\/pages"}],"about":[{"href":"https:\/\/vietnamwildlifetours.com.vn\/vi\/wp-json\/wp\/v2\/types\/page"}],"author":[{"embeddable":true,"href":"https:\/\/vietnamwildlifetours.com.vn\/vi\/wp-json\/wp\/v2\/users\/1"}],"replies":[{"embeddable":true,"href":"https:\/\/vietnamwildlifetours.com.vn\/vi\/wp-json\/wp\/v2\/comments?post=779"}],"version-history":[{"count":7,"href":"https:\/\/vietnamwildlifetours.com.vn\/vi\/wp-json\/wp\/v2\/pages\/779\/revisions"}],"predecessor-version":[{"id":1220,"href":"https:\/\/vietnamwildlifetours.com.vn\/vi\/wp-json\/wp\/v2\/pages\/779\/revisions\/1220"}],"wp:attachment":[{"href":"https:\/\/vietnamwildlifetours.com.vn\/vi\/wp-json\/wp\/v2\/media?parent=779"}],"curies":[{"name":"wp","href":"https:\/\/api.w.org\/{rel}","templated":true}]}}